{"id":1051,"date":"2011-08-04T10:56:40","date_gmt":"2011-08-04T08:56:40","guid":{"rendered":"http:\/\/weinhaus-machmer.de\/blog\/?page_id=1051"},"modified":"2011-08-26T11:09:07","modified_gmt":"2011-08-26T09:09:07","slug":"marina-huxelrebe-beerenauslese-2005","status":"publish","type":"page","link":"https:\/\/weinhaus-machmer.de\/blog\/weine-der-spitzenklasse\/marina-huxelrebe-beerenauslese-2005\/","title":{"rendered":"&#8222;Marina&#8220; Huxelrebe Beerenauslese 2005"},"content":{"rendered":"<p><span style=\"font-size: medium;\"><strong>Anl\u00e4sslich der Geburt unserer Tochter Marina am 30. Oktober 2005<\/strong><\/span><\/p>\n<p><span style=\"font-size: medium;\"><strong>haben wir 2005 einen ganz besonderen Wein geerntet.<\/strong><\/span><\/p>\n<p><span style=\"font-size: medium;\"><strong>Das i-T\u00fcpfelchen eines Desserts.<\/strong><\/span><\/p>\n<p><span style=\"font-size: medium;\"><strong><strong>Lagerf\u00e4hig.<\/strong><\/strong><\/span><\/p>\n<p><span style=\"font-size: medium;\"><strong><strong><\/strong>Abstammung:<\/strong><\/span><\/p>\n<p><span style=\"font-size: medium;\"><strong>Eine Neuz\u00fcchtung, die in Alzey von Georg Scheu, durch Kreuzung<\/strong><\/span><\/p>\n<p><span style=\"font-size: medium;\"><strong> der Wei\u00dfweinsorten Gutedel und Coutillier Musqu\u00e9 erfolgte.<\/strong><\/span><\/p>\n<p><span style=\"font-size: medium;\"><strong> Die Huxelrebe ist nahezu ausschlie\u00dflich in Deutschland beheimatet.<\/strong><\/span><\/p>\n<p><span style=\"font-size: medium;\"><strong> Ihren Namen hat die Rebe von Fritz Huxel, der sie in den 1950er Jahren<\/strong><\/span><\/p>\n<p><span style=\"font-size: medium;\"><strong> in Rheinhessen als erster anbaute.<\/strong><\/span><\/p>\n<p><span style=\"font-size: medium;\"><strong>Aromen:<\/strong><\/span><\/p>\n<p><span style=\"font-size: medium;\"><strong>Mango, Maracuja<\/strong><\/span><\/p>\n<p><span style=\"font-size: medium;\"><strong>Art.Nr. : 576<\/strong><\/span><\/p>\n","protected":false},"excerpt":{"rendered":"<p>Anl\u00e4sslich der Geburt unserer Tochter Marina am 30. Oktober 2005 haben wir 2005 einen ganz besonderen Wein geerntet. Das i-T\u00fcpfelchen eines Desserts. Lagerf\u00e4hig. Abstammung: Eine Neuz\u00fcchtung, die in Alzey von [&hellip;]<\/p>\n","protected":false},"author":2,"featured_media":0,"parent":716,"menu_order":0,"comment_status":"open","ping_status":"open","template":"","meta":{"footnotes":""},"class_list":["post-1051","page","type-page","status-publish","hentry"],"aioseo_notices":[],"_links":{"self":[{"href":"https:\/\/weinhaus-machmer.de\/blog\/wp-json\/wp\/v2\/pages\/1051","targetHints":{"allow":["GET"]}}],"collection":[{"href":"https:\/\/weinhaus-machmer.de\/blog\/wp-json\/wp\/v2\/pages"}],"about":[{"href":"https:\/\/weinhaus-machmer.de\/blog\/wp-json\/wp\/v2\/types\/page"}],"author":[{"embeddable":true,"href":"https:\/\/weinhaus-machmer.de\/blog\/wp-json\/wp\/v2\/users\/2"}],"replies":[{"embeddable":true,"href":"https:\/\/weinhaus-machmer.de\/blog\/wp-json\/wp\/v2\/comments?post=1051"}],"version-history":[{"count":7,"href":"https:\/\/weinhaus-machmer.de\/blog\/wp-json\/wp\/v2\/pages\/1051\/revisions"}],"predecessor-version":[{"id":1055,"href":"https:\/\/weinhaus-machmer.de\/blog\/wp-json\/wp\/v2\/pages\/1051\/revisions\/1055"}],"up":[{"embeddable":true,"href":"https:\/\/weinhaus-machmer.de\/blog\/wp-json\/wp\/v2\/pages\/716"}],"wp:attachment":[{"href":"https:\/\/weinhaus-machmer.de\/blog\/wp-json\/wp\/v2\/media?parent=1051"}],"curies":[{"name":"wp","href":"https:\/\/api.w.org\/{rel}","templated":true}]}}