{"id":1057,"date":"2011-08-04T11:09:11","date_gmt":"2011-08-04T09:09:11","guid":{"rendered":"http:\/\/weinhaus-machmer.de\/blog\/?page_id=1057"},"modified":"2011-08-26T12:16:07","modified_gmt":"2011-08-26T10:16:07","slug":"maximilian-ortega-beerenauslese-2002","status":"publish","type":"page","link":"https:\/\/weinhaus-machmer.de\/blog\/weine-der-spitzenklasse\/maximilian-ortega-beerenauslese-2002\/","title":{"rendered":"&#8222;Maximilian&#8220; Ortega Beerenauslese 2002"},"content":{"rendered":"<p><span style=\"font-size: medium;\"><strong>Anl\u00e4sslich der Geburt unseres Sohnes<\/strong><\/span><\/p>\n<p><span style=\"font-size: medium;\"><strong>Maximilian am 1 Juli 2002 haben wir einen<\/strong><\/span><\/p>\n<p><span style=\"font-size: medium;\"><strong>ganz besonderen Wein, eine edels\u00fc\u00dfe Spezialit\u00e4t, abgef\u00fcllt.<\/strong><\/span><\/p>\n<p><span style=\"font-size: medium;\"><strong>Abstammung:<\/strong><\/span><\/p>\n<p><span style=\"font-size: medium;\"><strong>Die Z\u00fcchtung erfogte 1948 von Dr. Hans Breider in Bayern.<\/strong><\/span><\/p>\n<p><span style=\"font-size: medium;\"><strong>Durch die Kreuzung von Siegerrebe und M\u00fcller-Thurgau entstand Ortega,<\/strong><\/span><\/p>\n<p><span style=\"font-size: medium;\"><strong>dessen Name dem Philosefen Jose Ortega gewidmet<\/strong><\/span><\/p>\n<p><span style=\"font-size: medium;\"><strong>Aromen:<\/strong><\/span><\/p>\n<p><span style=\"font-size: medium;\"><strong>Honig, Birne, Quitte, reife Banane, getrocknete Aprikose<\/strong><\/span><\/p>\n<p><span style=\"font-size: medium;\"><strong>Art.Nr.: 271<\/strong><\/span><\/p>\n","protected":false},"excerpt":{"rendered":"<p>Anl\u00e4sslich der Geburt unseres Sohnes Maximilian am 1 Juli 2002 haben wir einen ganz besonderen Wein, eine edels\u00fc\u00dfe Spezialit\u00e4t, abgef\u00fcllt. Abstammung: Die Z\u00fcchtung erfogte 1948 von Dr. Hans Breider in [&hellip;]<\/p>\n","protected":false},"author":2,"featured_media":0,"parent":716,"menu_order":0,"comment_status":"open","ping_status":"open","template":"","meta":{"footnotes":""},"class_list":["post-1057","page","type-page","status-publish","hentry"],"aioseo_notices":[],"_links":{"self":[{"href":"https:\/\/weinhaus-machmer.de\/blog\/wp-json\/wp\/v2\/pages\/1057","targetHints":{"allow":["GET"]}}],"collection":[{"href":"https:\/\/weinhaus-machmer.de\/blog\/wp-json\/wp\/v2\/pages"}],"about":[{"href":"https:\/\/weinhaus-machmer.de\/blog\/wp-json\/wp\/v2\/types\/page"}],"author":[{"embeddable":true,"href":"https:\/\/weinhaus-machmer.de\/blog\/wp-json\/wp\/v2\/users\/2"}],"replies":[{"embeddable":true,"href":"https:\/\/weinhaus-machmer.de\/blog\/wp-json\/wp\/v2\/comments?post=1057"}],"version-history":[{"count":7,"href":"https:\/\/weinhaus-machmer.de\/blog\/wp-json\/wp\/v2\/pages\/1057\/revisions"}],"predecessor-version":[{"id":1060,"href":"https:\/\/weinhaus-machmer.de\/blog\/wp-json\/wp\/v2\/pages\/1057\/revisions\/1060"}],"up":[{"embeddable":true,"href":"https:\/\/weinhaus-machmer.de\/blog\/wp-json\/wp\/v2\/pages\/716"}],"wp:attachment":[{"href":"https:\/\/weinhaus-machmer.de\/blog\/wp-json\/wp\/v2\/media?parent=1057"}],"curies":[{"name":"wp","href":"https:\/\/api.w.org\/{rel}","templated":true}]}}