{"id":1066,"date":"2011-08-04T11:22:14","date_gmt":"2011-08-04T09:22:14","guid":{"rendered":"http:\/\/weinhaus-machmer.de\/blog\/?page_id=1066"},"modified":"2011-08-31T15:44:22","modified_gmt":"2011-08-31T13:44:22","slug":"huxelrebe-trockenbeerenauslese","status":"publish","type":"page","link":"https:\/\/weinhaus-machmer.de\/blog\/weine-der-spitzenklasse\/huxelrebe-trockenbeerenauslese\/","title":{"rendered":"Huxelrebe Trockenbeerenauslese 1999"},"content":{"rendered":"<p><span style=\"font-size: medium;\"><strong>Stolz pr\u00e4sentieren wir Ihnen diesen Erstklassigen, edels\u00fc\u00dfen Huxel.<\/strong><\/span><\/p>\n<p><span style=\"font-size: medium;\"><strong>Schon am verlockenden Duft erkennen Sie seine au\u00dferordentliche Qualit\u00e4t.<\/strong><\/span><\/p>\n<p><span style=\"font-size: medium;\"><strong>Das typische Mangoaroma ist hier ganz leicht zu erschmecken<\/strong><\/span><\/p>\n<p><span style=\"font-size: medium;\"><strong>Unbedingt probieren.<\/strong><\/span><\/p>\n<p><span style=\"font-size: medium;\"><strong>Abstammung:<\/strong><\/span><\/p>\n<p><span style=\"font-size: medium;\"><strong>Eine Neuz\u00fcchtung, die in Alzey von Georg Scheu, durch Kreuzung<\/strong><\/span><\/p>\n<p><span style=\"font-size: medium;\"><strong>der Wei\u00dfweinsorten Gutedel und Coutillier Musqu\u00e9 erfolgte.<\/strong><\/span><\/p>\n<p><span style=\"font-size: medium;\"><strong>Die Huxelrebe ist nahezu ausschlie\u00dflich in Deutschland beheimatet.<\/strong><\/span><\/p>\n<p><span style=\"font-size: medium;\"><strong>Ihren Namen hat die Rebe von Fritz Huxel, der sie in den 1950er Jahren<\/strong><\/span><\/p>\n<p><span style=\"font-size: medium;\"><strong>in Rheinhessen als erster anbaute.<\/strong><\/span><\/p>\n<p><span style=\"font-size: medium;\"><strong>Aromen:<\/strong><\/span><\/p>\n<p><span style=\"font-size: medium;\"><strong>Mango, Maracuja<\/strong><\/span><\/p>\n<p><span style=\"font-size: medium;\"><strong>Art.Nr.: 9974<\/strong><\/span><\/p>\n","protected":false},"excerpt":{"rendered":"<p>Stolz pr\u00e4sentieren wir Ihnen diesen Erstklassigen, edels\u00fc\u00dfen Huxel. Schon am verlockenden Duft erkennen Sie seine au\u00dferordentliche Qualit\u00e4t. Das typische Mangoaroma ist hier ganz leicht zu erschmecken Unbedingt probieren. Abstammung: Eine [&hellip;]<\/p>\n","protected":false},"author":2,"featured_media":0,"parent":716,"menu_order":0,"comment_status":"open","ping_status":"open","template":"","meta":{"footnotes":""},"class_list":["post-1066","page","type-page","status-publish","hentry"],"aioseo_notices":[],"_links":{"self":[{"href":"https:\/\/weinhaus-machmer.de\/blog\/wp-json\/wp\/v2\/pages\/1066","targetHints":{"allow":["GET"]}}],"collection":[{"href":"https:\/\/weinhaus-machmer.de\/blog\/wp-json\/wp\/v2\/pages"}],"about":[{"href":"https:\/\/weinhaus-machmer.de\/blog\/wp-json\/wp\/v2\/types\/page"}],"author":[{"embeddable":true,"href":"https:\/\/weinhaus-machmer.de\/blog\/wp-json\/wp\/v2\/users\/2"}],"replies":[{"embeddable":true,"href":"https:\/\/weinhaus-machmer.de\/blog\/wp-json\/wp\/v2\/comments?post=1066"}],"version-history":[{"count":6,"href":"https:\/\/weinhaus-machmer.de\/blog\/wp-json\/wp\/v2\/pages\/1066\/revisions"}],"predecessor-version":[{"id":1070,"href":"https:\/\/weinhaus-machmer.de\/blog\/wp-json\/wp\/v2\/pages\/1066\/revisions\/1070"}],"up":[{"embeddable":true,"href":"https:\/\/weinhaus-machmer.de\/blog\/wp-json\/wp\/v2\/pages\/716"}],"wp:attachment":[{"href":"https:\/\/weinhaus-machmer.de\/blog\/wp-json\/wp\/v2\/media?parent=1066"}],"curies":[{"name":"wp","href":"https:\/\/api.w.org\/{rel}","templated":true}]}}