{"id":1088,"date":"2011-08-04T11:50:13","date_gmt":"2011-08-04T09:50:13","guid":{"rendered":"http:\/\/weinhaus-machmer.de\/blog\/?page_id=1088"},"modified":"2011-08-15T00:44:33","modified_gmt":"2011-08-14T22:44:33","slug":"ortega-beerenauslese","status":"publish","type":"page","link":"https:\/\/weinhaus-machmer.de\/blog\/weine-der-spitzenklasse\/ortega-beerenauslese\/","title":{"rendered":"Ortega Beerenauslese 1998"},"content":{"rendered":"<p><span style=\"font-size: medium;\"><strong>Ortega voll ausgereift mit sch\u00f6ner Edels\u00fc\u00dfe.<\/strong><\/span><\/p>\n<p><span style=\"font-size: medium;\"><strong>Ortega bringt geringe Menge aber<\/strong><\/span><\/p>\n<p><span style=\"font-size: medium;\"><strong>au\u00dferordentlich hohe Qualit\u00e4t.<\/strong><\/span><\/p>\n<p><span style=\"font-size: medium;\"><strong>Art.Nr.: 9871<\/strong><\/span><\/p>\n<p>&nbsp;<\/p>\n","protected":false},"excerpt":{"rendered":"<p>Ortega voll ausgereift mit sch\u00f6ner Edels\u00fc\u00dfe. Ortega bringt geringe Menge aber au\u00dferordentlich hohe Qualit\u00e4t. Art.Nr.: 9871 &nbsp;<\/p>\n","protected":false},"author":2,"featured_media":0,"parent":716,"menu_order":0,"comment_status":"open","ping_status":"open","template":"","meta":{"footnotes":""},"class_list":["post-1088","page","type-page","status-publish","hentry"],"aioseo_notices":[],"_links":{"self":[{"href":"https:\/\/weinhaus-machmer.de\/blog\/wp-json\/wp\/v2\/pages\/1088","targetHints":{"allow":["GET"]}}],"collection":[{"href":"https:\/\/weinhaus-machmer.de\/blog\/wp-json\/wp\/v2\/pages"}],"about":[{"href":"https:\/\/weinhaus-machmer.de\/blog\/wp-json\/wp\/v2\/types\/page"}],"author":[{"embeddable":true,"href":"https:\/\/weinhaus-machmer.de\/blog\/wp-json\/wp\/v2\/users\/2"}],"replies":[{"embeddable":true,"href":"https:\/\/weinhaus-machmer.de\/blog\/wp-json\/wp\/v2\/comments?post=1088"}],"version-history":[{"count":6,"href":"https:\/\/weinhaus-machmer.de\/blog\/wp-json\/wp\/v2\/pages\/1088\/revisions"}],"predecessor-version":[{"id":1092,"href":"https:\/\/weinhaus-machmer.de\/blog\/wp-json\/wp\/v2\/pages\/1088\/revisions\/1092"}],"up":[{"embeddable":true,"href":"https:\/\/weinhaus-machmer.de\/blog\/wp-json\/wp\/v2\/pages\/716"}],"wp:attachment":[{"href":"https:\/\/weinhaus-machmer.de\/blog\/wp-json\/wp\/v2\/media?parent=1088"}],"curies":[{"name":"wp","href":"https:\/\/api.w.org\/{rel}","templated":true}]}}