{"id":171,"date":"2011-07-31T00:22:08","date_gmt":"2011-07-30T22:22:08","guid":{"rendered":"http:\/\/weinhaus-machmer.de\/blog\/?page_id=171"},"modified":"2011-08-19T17:39:39","modified_gmt":"2011-08-19T15:39:39","slug":"riesling-spatlese-trocken","status":"publish","type":"page","link":"https:\/\/weinhaus-machmer.de\/blog\/weiswein-trocken\/riesling-spatlese-trocken\/","title":{"rendered":"Riesling Sp\u00e4tlese trocken"},"content":{"rendered":"<p><span style=\"font-size: medium;\"><strong>Ein eleganter Wein voller W\u00fcrze, mit reichem Bukett.<\/strong><\/span><\/p>\n<p><span style=\"font-size: medium;\"><strong>Dank der dezenten S\u00e4ure und der harmonischen Frucht<\/strong><\/span><\/p>\n<p><span style=\"font-size: medium;\"><strong>entstand ein Riesling mit gro\u00dfem Charakter.<\/strong><\/span><\/p>\n<p><span style=\"font-size: medium;\"><strong>Art.Nr.: 33<\/strong><\/span><\/p>\n","protected":false},"excerpt":{"rendered":"<p>Ein eleganter Wein voller W\u00fcrze, mit reichem Bukett. Dank der dezenten S\u00e4ure und der harmonischen Frucht entstand ein Riesling mit gro\u00dfem Charakter. Art.Nr.: 33<\/p>\n","protected":false},"author":2,"featured_media":0,"parent":462,"menu_order":0,"comment_status":"open","ping_status":"open","template":"","meta":{"footnotes":""},"class_list":["post-171","page","type-page","status-publish","hentry"],"aioseo_notices":[],"_links":{"self":[{"href":"https:\/\/weinhaus-machmer.de\/blog\/wp-json\/wp\/v2\/pages\/171","targetHints":{"allow":["GET"]}}],"collection":[{"href":"https:\/\/weinhaus-machmer.de\/blog\/wp-json\/wp\/v2\/pages"}],"about":[{"href":"https:\/\/weinhaus-machmer.de\/blog\/wp-json\/wp\/v2\/types\/page"}],"author":[{"embeddable":true,"href":"https:\/\/weinhaus-machmer.de\/blog\/wp-json\/wp\/v2\/users\/2"}],"replies":[{"embeddable":true,"href":"https:\/\/weinhaus-machmer.de\/blog\/wp-json\/wp\/v2\/comments?post=171"}],"version-history":[{"count":13,"href":"https:\/\/weinhaus-machmer.de\/blog\/wp-json\/wp\/v2\/pages\/171\/revisions"}],"predecessor-version":[{"id":1515,"href":"https:\/\/weinhaus-machmer.de\/blog\/wp-json\/wp\/v2\/pages\/171\/revisions\/1515"}],"up":[{"embeddable":true,"href":"https:\/\/weinhaus-machmer.de\/blog\/wp-json\/wp\/v2\/pages\/462"}],"wp:attachment":[{"href":"https:\/\/weinhaus-machmer.de\/blog\/wp-json\/wp\/v2\/media?parent=171"}],"curies":[{"name":"wp","href":"https:\/\/api.w.org\/{rel}","templated":true}]}}