{"id":1800,"date":"2011-09-05T18:44:06","date_gmt":"2011-09-05T16:44:06","guid":{"rendered":"http:\/\/weinhaus-machmer.de\/blog\/?page_id=1800"},"modified":"2011-09-05T18:44:06","modified_gmt":"2011-09-05T16:44:06","slug":"riesling-kabinett-halbtrocken","status":"publish","type":"page","link":"https:\/\/weinhaus-machmer.de\/blog\/die-kleine-versuchung\/riesling-kabinett-halbtrocken\/","title":{"rendered":"Riesling Kabinett halbtrocken"},"content":{"rendered":"<p><span style=\"font-size: medium;\"><strong>Riesling \u2013 auch hier-perfekt! Fruchtig, mit feiner,<\/strong><\/span><\/p>\n<p><span style=\"font-size: medium;\"><strong> dezenter Rests\u00fc\u00dfe aus nat\u00fcrlicher Fructose,<\/strong><\/span><\/p>\n<p><span style=\"font-size: medium;\"><strong> die den Wein perfekt abstimmt.<\/strong><\/span><\/p>\n<p><span style=\"font-size: medium;\"><strong> Ein Lieblingswein f\u00fcr herbe Genie\u00dfer.<\/strong><\/span><\/p>\n<p><span style=\"font-size: medium;\"><strong>Art.Nr.: 740<\/strong><\/span><\/p>\n","protected":false},"excerpt":{"rendered":"<p>Riesling \u2013 auch hier-perfekt! Fruchtig, mit feiner, dezenter Rests\u00fc\u00dfe aus nat\u00fcrlicher Fructose, die den Wein perfekt abstimmt. Ein Lieblingswein f\u00fcr herbe Genie\u00dfer. Art.Nr.: 740<\/p>\n","protected":false},"author":2,"featured_media":0,"parent":1755,"menu_order":0,"comment_status":"open","ping_status":"open","template":"","meta":{"footnotes":""},"class_list":["post-1800","page","type-page","status-publish","hentry"],"aioseo_notices":[],"_links":{"self":[{"href":"https:\/\/weinhaus-machmer.de\/blog\/wp-json\/wp\/v2\/pages\/1800","targetHints":{"allow":["GET"]}}],"collection":[{"href":"https:\/\/weinhaus-machmer.de\/blog\/wp-json\/wp\/v2\/pages"}],"about":[{"href":"https:\/\/weinhaus-machmer.de\/blog\/wp-json\/wp\/v2\/types\/page"}],"author":[{"embeddable":true,"href":"https:\/\/weinhaus-machmer.de\/blog\/wp-json\/wp\/v2\/users\/2"}],"replies":[{"embeddable":true,"href":"https:\/\/weinhaus-machmer.de\/blog\/wp-json\/wp\/v2\/comments?post=1800"}],"version-history":[{"count":3,"href":"https:\/\/weinhaus-machmer.de\/blog\/wp-json\/wp\/v2\/pages\/1800\/revisions"}],"predecessor-version":[{"id":1804,"href":"https:\/\/weinhaus-machmer.de\/blog\/wp-json\/wp\/v2\/pages\/1800\/revisions\/1804"}],"up":[{"embeddable":true,"href":"https:\/\/weinhaus-machmer.de\/blog\/wp-json\/wp\/v2\/pages\/1755"}],"wp:attachment":[{"href":"https:\/\/weinhaus-machmer.de\/blog\/wp-json\/wp\/v2\/media?parent=1800"}],"curies":[{"name":"wp","href":"https:\/\/api.w.org\/{rel}","templated":true}]}}