{"id":2791,"date":"2013-09-04T17:54:42","date_gmt":"2013-09-04T15:54:42","guid":{"rendered":"http:\/\/weinhaus-machmer.de\/blog\/?page_id=2791"},"modified":"2013-09-04T17:54:42","modified_gmt":"2013-09-04T15:54:42","slug":"solaris-auslese-suess","status":"publish","type":"page","link":"https:\/\/weinhaus-machmer.de\/blog\/solaris-auslese-suess\/","title":{"rendered":"Solaris Auslese s\u00fc\u00df"},"content":{"rendered":"<p><span style=\"font-size: medium;\">Ein Wein per Excellence.<\/span><\/p>\n<p><span style=\"font-size: medium;\">Diese Auslese wurde mit 125\u00b0 Oechsel geerntet, <\/span><\/p>\n<p><span style=\"font-size: medium;\">ganz langsam, schonend vergoren und s\u00fc\u00df ausgebaut.<\/span><\/p>\n<p><span style=\"font-size: medium;\">Kraftvoll der K\u00f6rper, sehr sch\u00f6n eingebunden in die fantastische Aromatik<\/span><\/p>\n<p><span style=\"font-size: medium;\"> von Grapefruit und Quitte.\u00a0<\/span><\/p>\n<p><span style=\"font-size: medium;\">Au\u00dferordentliche Qualit\u00e4t &#8211; ein &#8222;Must-Have&#8220;. <\/span><\/p>\n<p><span style=\"font-size: medium;\">ArtNr.: \u00a0 83\u00a0<\/span><\/p>\n","protected":false},"excerpt":{"rendered":"<p>Ein Wein per Excellence. Diese Auslese wurde mit 125\u00b0 Oechsel geerntet, ganz langsam, schonend vergoren und s\u00fc\u00df ausgebaut. Kraftvoll der K\u00f6rper, sehr sch\u00f6n eingebunden in die fantastische Aromatik von Grapefruit [&hellip;]<\/p>\n","protected":false},"author":2,"featured_media":0,"parent":0,"menu_order":0,"comment_status":"open","ping_status":"open","template":"","meta":{"footnotes":""},"class_list":["post-2791","page","type-page","status-publish","hentry"],"aioseo_notices":[],"_links":{"self":[{"href":"https:\/\/weinhaus-machmer.de\/blog\/wp-json\/wp\/v2\/pages\/2791","targetHints":{"allow":["GET"]}}],"collection":[{"href":"https:\/\/weinhaus-machmer.de\/blog\/wp-json\/wp\/v2\/pages"}],"about":[{"href":"https:\/\/weinhaus-machmer.de\/blog\/wp-json\/wp\/v2\/types\/page"}],"author":[{"embeddable":true,"href":"https:\/\/weinhaus-machmer.de\/blog\/wp-json\/wp\/v2\/users\/2"}],"replies":[{"embeddable":true,"href":"https:\/\/weinhaus-machmer.de\/blog\/wp-json\/wp\/v2\/comments?post=2791"}],"version-history":[{"count":1,"href":"https:\/\/weinhaus-machmer.de\/blog\/wp-json\/wp\/v2\/pages\/2791\/revisions"}],"predecessor-version":[{"id":2792,"href":"https:\/\/weinhaus-machmer.de\/blog\/wp-json\/wp\/v2\/pages\/2791\/revisions\/2792"}],"wp:attachment":[{"href":"https:\/\/weinhaus-machmer.de\/blog\/wp-json\/wp\/v2\/media?parent=2791"}],"curies":[{"name":"wp","href":"https:\/\/api.w.org\/{rel}","templated":true}]}}