{"id":2884,"date":"2013-12-18T16:52:02","date_gmt":"2013-12-18T14:52:02","guid":{"rendered":"http:\/\/weinhaus-machmer.de\/blog\/?page_id=2884"},"modified":"2018-04-04T16:37:23","modified_gmt":"2018-04-04T14:37:23","slug":"cabernet-blanc-edition-g-m-trocken","status":"publish","type":"page","link":"https:\/\/weinhaus-machmer.de\/blog\/cabernet-blanc-edition-g-m-trocken\/","title":{"rendered":"Cabernet Blanc, Edition G &#038;M, trocken"},"content":{"rendered":"<p><span style=\"font-size: medium;\">Die Rebe wurde 1991 von Schweizer Rebenz\u00fcchter Valtentin Blattner gez\u00fcchtet.<\/span><\/p>\n<p><span style=\"font-size: medium;\"> Sie ist eine Kreuzung von Cabernet Sauvignon und einem Resistenzpartner.<\/span><\/p>\n<p><span style=\"font-size: medium;\"> Der wei\u00dfe Cabernet Sauvignon ist eine pilzwiederstandsf\u00e4hige (Piwi) Rebsorte<\/span><\/p>\n<p><span style=\"font-size: medium;\"> und stellt damit eine neue Wei\u00dfweingeneration dar. <\/span><\/p>\n<p><span style=\"font-size: medium;\">Ein vielfach best\u00e4tigtes Highlight am Piwi-Himmel als charaktervoller Wei\u00dfwein.<\/span><\/p>\n<p><span style=\"font-size: medium;\"><b>Beschreibung:<\/b><\/span><\/p>\n<p><span style=\"font-size: medium;\">Der frische Duft von jungem Blattgr\u00fcn verbindet sich mit Stachelbeere, <\/span><\/p>\n<p><span style=\"font-size: medium;\">Kiwi und Holunderbl\u00fctenaromen.\u00a0<\/span><\/p>\n<p><span style=\"font-size: medium;\"><b>Analyse \u00a0 \u00a0 \u00a0 \u00a0 \u00a0 \u00a0 \u00a0 \u00a0 \u00a0 \u00a0\u00a0<\/b>A 13,1% \/ Z 5,5 \/ S 5,7<\/span><\/p>\n<p><span style=\"font-size: medium;\"><b>Anbaugebiet \u00a0 \u00a0 \u00a0 \u00a0 \u00a0\u00a0<\/b>Rheinhessen\/Bechtheim<\/span><\/p>\n<p><span style=\"font-size: medium;\"><b>Empfehlung \u00a0 \u00a0 \u00a0 \u00a0 \u00a0 \u00a0<\/b>Passt ideal zu Spargel, Fisch, Meeresfr\u00fcchten, <\/span><\/p>\n<p><span style=\"font-size: medium;\">\u00a0 \u00a0 \u00a0 \u00a0 \u00a0 \u00a0 \u00a0 \u00a0 \u00a0 \u00a0 \u00a0 \u00a0 \u00a0 \u00a0 \u00a0 \u00a0 \u00a0 \u00a0 \u00a0 \u00a0Gefl\u00fcgel und hellem Fleisch;<\/span><\/p>\n<p><span style=\"font-size: medium;\"><b>\u00a0 \u00a0 \u00a0 \u00a0 \u00a0 \u00a0 \u00a0 \u00a0 \u00a0 \u00a0 \u00a0 \u00a0 \u00a0 \u00a0 \u00a0 \u00a0 \u00a0 \u00a0 \u00a0<\/b>au\u00dferdem auch ideal zum Genie\u00dfen in geselliger Runde.<\/span><\/p>\n<p><span style=\"font-size: medium;\"><b>Boden \u00a0 \u00a0 \u00a0 \u00a0 \u00a0 \u00a0 \u00a0 \u00a0 \u00a0 \u00a0 \u00a0 \u00a0<\/b>Kalkstein u. L\u00f6ss<\/span><\/p>\n<p><span style=\"font-size: medium;\"><b>F\u00fcllgr\u00f6\u00dfe<\/b>\u00a0 \u00a0 \u00a0 \u00a0 \u00a0 \u00a0 \u00a0 \u00a0 \u00a0 0,75l<\/span><\/p>\n<p><span style=\"font-size: medium;\">\u00a0<b>Jahrgang<\/b>\u00a0 \u00a0 \u00a0 \u00a0 \u00a0 \u00a0 \u00a0 \u00a0 \u00a0 2016<\/span><\/p>\n<p><span style=\"font-size: medium;\">\u00a0<b>Trinktemp. \u00a0 \u00a0 \u00a0 \u00a0 \u00a0 \u00a0\u00a0<\/b>8\u00b0-10\u00b0<\/span><\/p>\n","protected":false},"excerpt":{"rendered":"<p>Die Rebe wurde 1991 von Schweizer Rebenz\u00fcchter Valtentin Blattner gez\u00fcchtet. Sie ist eine Kreuzung von Cabernet Sauvignon und einem Resistenzpartner. Der wei\u00dfe Cabernet Sauvignon ist eine pilzwiederstandsf\u00e4hige (Piwi) Rebsorte und [&hellip;]<\/p>\n","protected":false},"author":2,"featured_media":0,"parent":0,"menu_order":0,"comment_status":"open","ping_status":"open","template":"","meta":{"footnotes":""},"class_list":["post-2884","page","type-page","status-publish","hentry"],"aioseo_notices":[],"_links":{"self":[{"href":"https:\/\/weinhaus-machmer.de\/blog\/wp-json\/wp\/v2\/pages\/2884","targetHints":{"allow":["GET"]}}],"collection":[{"href":"https:\/\/weinhaus-machmer.de\/blog\/wp-json\/wp\/v2\/pages"}],"about":[{"href":"https:\/\/weinhaus-machmer.de\/blog\/wp-json\/wp\/v2\/types\/page"}],"author":[{"embeddable":true,"href":"https:\/\/weinhaus-machmer.de\/blog\/wp-json\/wp\/v2\/users\/2"}],"replies":[{"embeddable":true,"href":"https:\/\/weinhaus-machmer.de\/blog\/wp-json\/wp\/v2\/comments?post=2884"}],"version-history":[{"count":6,"href":"https:\/\/weinhaus-machmer.de\/blog\/wp-json\/wp\/v2\/pages\/2884\/revisions"}],"predecessor-version":[{"id":3711,"href":"https:\/\/weinhaus-machmer.de\/blog\/wp-json\/wp\/v2\/pages\/2884\/revisions\/3711"}],"wp:attachment":[{"href":"https:\/\/weinhaus-machmer.de\/blog\/wp-json\/wp\/v2\/media?parent=2884"}],"curies":[{"name":"wp","href":"https:\/\/api.w.org\/{rel}","templated":true}]}}