{"id":446,"date":"2011-08-01T15:46:47","date_gmt":"2011-08-01T13:46:47","guid":{"rendered":"http:\/\/weinhaus-machmer.de\/blog\/?page_id=446"},"modified":"2011-08-27T14:30:15","modified_gmt":"2011-08-27T12:30:15","slug":"chardonnay-spatlese-feinherb","status":"publish","type":"page","link":"https:\/\/weinhaus-machmer.de\/blog\/weiswein-trocken\/chardonnay-spatlese-feinherb\/","title":{"rendered":"Chardonnay Sp\u00e4tlese feinherb"},"content":{"rendered":"<p><span style=\"font-size: medium;\"><strong>Ein \u00fcberzeugender Chardonnay, feine Fruchtaromen<\/strong><\/span><\/p>\n<p><span style=\"font-size: medium;\"><strong>zeigen sich bereits fr\u00fch. Frischer, spritziger Wei\u00dfwein<\/strong><\/span><\/p>\n<p><span style=\"font-size: medium;\"><strong>mit einer feinen eingebundenen Rests\u00fc\u00dfe.<\/strong><\/span><\/p>\n<p><span style=\"font-size: medium;\"><strong>Abstammung:<\/strong><\/span><\/p>\n<p><span style=\"font-size: medium;\"><strong>Entstanden durch nat\u00fcrliche Kreuzung der Sorten Pinot und Gouais Blanc<\/strong><\/span><\/p>\n<p><span style=\"font-size: medium;\"><strong>und war in Burgund angebaut, wo auch der Name von einer kleinen Ortschaft<\/strong><\/span><\/p>\n<p><span style=\"font-size: medium;\"><strong>Namens Chardon stammt.<\/strong><\/span><\/p>\n<p><span style=\"font-size: medium;\"><strong>Aromen:<\/strong><\/span><\/p>\n<p><span style=\"font-size: medium;\"><strong>Feine Aromen von reifer Banane und exotischen Fr\u00fcchten.<\/strong><\/span><\/p>\n<p><span style=\"font-size: medium;\"><strong>Art.Nr.: 35<\/strong><\/span><\/p>\n","protected":false},"excerpt":{"rendered":"<p>Ein \u00fcberzeugender Chardonnay, feine Fruchtaromen zeigen sich bereits fr\u00fch. Frischer, spritziger Wei\u00dfwein mit einer feinen eingebundenen Rests\u00fc\u00dfe. Abstammung: Entstanden durch nat\u00fcrliche Kreuzung der Sorten Pinot und Gouais Blanc und war [&hellip;]<\/p>\n","protected":false},"author":2,"featured_media":0,"parent":462,"menu_order":0,"comment_status":"open","ping_status":"open","template":"","meta":{"footnotes":""},"class_list":["post-446","page","type-page","status-publish","hentry"],"aioseo_notices":[],"_links":{"self":[{"href":"https:\/\/weinhaus-machmer.de\/blog\/wp-json\/wp\/v2\/pages\/446","targetHints":{"allow":["GET"]}}],"collection":[{"href":"https:\/\/weinhaus-machmer.de\/blog\/wp-json\/wp\/v2\/pages"}],"about":[{"href":"https:\/\/weinhaus-machmer.de\/blog\/wp-json\/wp\/v2\/types\/page"}],"author":[{"embeddable":true,"href":"https:\/\/weinhaus-machmer.de\/blog\/wp-json\/wp\/v2\/users\/2"}],"replies":[{"embeddable":true,"href":"https:\/\/weinhaus-machmer.de\/blog\/wp-json\/wp\/v2\/comments?post=446"}],"version-history":[{"count":8,"href":"https:\/\/weinhaus-machmer.de\/blog\/wp-json\/wp\/v2\/pages\/446\/revisions"}],"predecessor-version":[{"id":449,"href":"https:\/\/weinhaus-machmer.de\/blog\/wp-json\/wp\/v2\/pages\/446\/revisions\/449"}],"up":[{"embeddable":true,"href":"https:\/\/weinhaus-machmer.de\/blog\/wp-json\/wp\/v2\/pages\/462"}],"wp:attachment":[{"href":"https:\/\/weinhaus-machmer.de\/blog\/wp-json\/wp\/v2\/media?parent=446"}],"curies":[{"name":"wp","href":"https:\/\/api.w.org\/{rel}","templated":true}]}}