{"id":558,"date":"2011-08-01T19:23:29","date_gmt":"2011-08-01T17:23:29","guid":{"rendered":"http:\/\/weinhaus-machmer.de\/blog\/?page_id=558"},"modified":"2011-08-25T14:24:00","modified_gmt":"2011-08-25T12:24:00","slug":"muller-thurgau-lieblich","status":"publish","type":"page","link":"https:\/\/weinhaus-machmer.de\/blog\/qualitatswein-in-literflaschen\/muller-thurgau-lieblich\/","title":{"rendered":"M\u00fcller-Thurgau lieblich"},"content":{"rendered":"<p>f<span style=\"font-size: medium;\"><strong>ruchtiger Tischwein<\/strong><\/span><\/p>\n<p><span style=\"font-size: medium;\"><strong>Abstammung:<\/strong><\/span><\/p>\n<p><span style=\"font-size: medium;\"><strong><strong>M\u00fcller-Thurgau wurde vom H. M\u00fcller im Schweizer-Kanton<\/strong><strong>Thurgau<\/strong><\/strong><\/span><\/p>\n<p><span style=\"font-size: medium;\"><strong><strong> durch Kreuzung von Riesling und Madeleine royale gez\u00fcchtet.<\/strong><\/strong><\/span><\/p>\n<p><span style=\"font-size: medium;\"><strong>Art.Nr.: 04<\/strong><\/span><\/p>\n","protected":false},"excerpt":{"rendered":"<p>fruchtiger Tischwein Abstammung: M\u00fcller-Thurgau wurde vom H. M\u00fcller im Schweizer-KantonThurgau durch Kreuzung von Riesling und Madeleine royale gez\u00fcchtet. Art.Nr.: 04<\/p>\n","protected":false},"author":2,"featured_media":0,"parent":545,"menu_order":0,"comment_status":"open","ping_status":"open","template":"","meta":{"footnotes":""},"class_list":["post-558","page","type-page","status-publish","hentry"],"aioseo_notices":[],"_links":{"self":[{"href":"https:\/\/weinhaus-machmer.de\/blog\/wp-json\/wp\/v2\/pages\/558","targetHints":{"allow":["GET"]}}],"collection":[{"href":"https:\/\/weinhaus-machmer.de\/blog\/wp-json\/wp\/v2\/pages"}],"about":[{"href":"https:\/\/weinhaus-machmer.de\/blog\/wp-json\/wp\/v2\/types\/page"}],"author":[{"embeddable":true,"href":"https:\/\/weinhaus-machmer.de\/blog\/wp-json\/wp\/v2\/users\/2"}],"replies":[{"embeddable":true,"href":"https:\/\/weinhaus-machmer.de\/blog\/wp-json\/wp\/v2\/comments?post=558"}],"version-history":[{"count":5,"href":"https:\/\/weinhaus-machmer.de\/blog\/wp-json\/wp\/v2\/pages\/558\/revisions"}],"predecessor-version":[{"id":1602,"href":"https:\/\/weinhaus-machmer.de\/blog\/wp-json\/wp\/v2\/pages\/558\/revisions\/1602"}],"up":[{"embeddable":true,"href":"https:\/\/weinhaus-machmer.de\/blog\/wp-json\/wp\/v2\/pages\/545"}],"wp:attachment":[{"href":"https:\/\/weinhaus-machmer.de\/blog\/wp-json\/wp\/v2\/media?parent=558"}],"curies":[{"name":"wp","href":"https:\/\/api.w.org\/{rel}","templated":true}]}}