{"id":628,"date":"2011-08-02T10:07:14","date_gmt":"2011-08-02T08:07:14","guid":{"rendered":"http:\/\/weinhaus-machmer.de\/blog\/?page_id=628"},"modified":"2012-03-08T14:55:59","modified_gmt":"2012-03-08T12:55:59","slug":"riesling-kabinett-halbtrocken","status":"publish","type":"page","link":"https:\/\/weinhaus-machmer.de\/blog\/weiswein-lieblich\/riesling-kabinett-halbtrocken\/","title":{"rendered":"Riesling Kabinett halbtrocken"},"content":{"rendered":"<p><span style=\"font-size: medium;\"><strong>Riesling \u2013 auch hier-perfekt! Fruchtig, mit feiner,<\/strong><\/span><\/p>\n<p><span style=\"font-size: medium;\"><strong> dezenter Rests\u00fc\u00dfe aus nat\u00fcrlicher Fructose,<\/strong><\/span><\/p>\n<p><span style=\"font-size: medium;\"><strong> die den Wein perfekt abstimmt. <\/strong><\/span><\/p>\n<p><span style=\"font-size: medium;\"><strong>Besonders gut passt er zu leichten Gerichten,<\/strong><\/span><\/p>\n<p><span style=\"font-size: medium;\"><strong> ged\u00fcnstetem Fisch, gekochtem Fleisch mit hellen Saucen,<\/strong><\/span><\/p>\n<p><span style=\"font-size: medium;\"><strong>ansonsten harmoniert er gut mit kleinem Hausgefl\u00fcgel<\/strong><\/span><\/p>\n<p><span style=\"font-size: medium;\"><strong>und mit Frischk\u00e4se.<br \/>\n<\/strong><\/span><\/p>\n<p><span style=\"font-size: medium;\"><strong>Art.Nr.: 40<\/strong><\/span><\/p>\n","protected":false},"excerpt":{"rendered":"<p>Riesling \u2013 auch hier-perfekt! Fruchtig, mit feiner, dezenter Rests\u00fc\u00dfe aus nat\u00fcrlicher Fructose, die den Wein perfekt abstimmt. Besonders gut passt er zu leichten Gerichten, ged\u00fcnstetem Fisch, gekochtem Fleisch mit hellen [&hellip;]<\/p>\n","protected":false},"author":2,"featured_media":0,"parent":469,"menu_order":0,"comment_status":"open","ping_status":"open","template":"","meta":{"footnotes":""},"class_list":["post-628","page","type-page","status-publish","hentry"],"aioseo_notices":[],"_links":{"self":[{"href":"https:\/\/weinhaus-machmer.de\/blog\/wp-json\/wp\/v2\/pages\/628","targetHints":{"allow":["GET"]}}],"collection":[{"href":"https:\/\/weinhaus-machmer.de\/blog\/wp-json\/wp\/v2\/pages"}],"about":[{"href":"https:\/\/weinhaus-machmer.de\/blog\/wp-json\/wp\/v2\/types\/page"}],"author":[{"embeddable":true,"href":"https:\/\/weinhaus-machmer.de\/blog\/wp-json\/wp\/v2\/users\/2"}],"replies":[{"embeddable":true,"href":"https:\/\/weinhaus-machmer.de\/blog\/wp-json\/wp\/v2\/comments?post=628"}],"version-history":[{"count":7,"href":"https:\/\/weinhaus-machmer.de\/blog\/wp-json\/wp\/v2\/pages\/628\/revisions"}],"predecessor-version":[{"id":1329,"href":"https:\/\/weinhaus-machmer.de\/blog\/wp-json\/wp\/v2\/pages\/628\/revisions\/1329"}],"up":[{"embeddable":true,"href":"https:\/\/weinhaus-machmer.de\/blog\/wp-json\/wp\/v2\/pages\/469"}],"wp:attachment":[{"href":"https:\/\/weinhaus-machmer.de\/blog\/wp-json\/wp\/v2\/media?parent=628"}],"curies":[{"name":"wp","href":"https:\/\/api.w.org\/{rel}","templated":true}]}}