{"id":674,"date":"2011-08-02T11:16:06","date_gmt":"2011-08-02T09:16:06","guid":{"rendered":"http:\/\/weinhaus-machmer.de\/blog\/?page_id=674"},"modified":"2011-09-23T10:17:09","modified_gmt":"2011-09-23T08:17:09","slug":"kanzler-spatlese-lieblich","status":"publish","type":"page","link":"https:\/\/weinhaus-machmer.de\/blog\/weiswein-lieblich-2\/kanzler-spatlese-lieblich\/","title":{"rendered":"Kanzler Sp\u00e4tlese lieblich"},"content":{"rendered":"<p><span style=\"font-size: medium;\"><strong>Das feine, zarte und verspielte Bukett<\/strong><\/span><\/p>\n<p><span style=\"font-size: medium;\"><strong>umh\u00fcllt in harmonischer Art den<\/strong><\/span><\/p>\n<p><span style=\"font-size: medium;\"><strong>kraftvollen K\u00f6rper. <\/strong><\/span><\/p>\n<p><span style=\"font-size: medium;\"><strong>Abstammung: <\/strong><\/span><\/p>\n<p><span style=\"font-size: medium;\"><strong>1927 von G. Scheu gez\u00fcchtete Rebsorte,\u00a0 die durch Kreuzung<\/strong><\/span><\/p>\n<p><span style=\"font-size: medium;\"><strong> von M\u00fcller-Thurgau und Silvaner gelungen.<\/strong><\/span><\/p>\n<p><span style=\"font-size: medium;\"><strong> Die bestockte Fl\u00e4che in Deutschland ist sehr gering.<br \/>\n<\/strong><\/span><\/p>\n<p><span style=\"font-size: medium;\"><strong>Art.Nr.: 50<\/strong><\/span><\/p>\n","protected":false},"excerpt":{"rendered":"<p>Das feine, zarte und verspielte Bukett umh\u00fcllt in harmonischer Art den kraftvollen K\u00f6rper. Abstammung: 1927 von G. Scheu gez\u00fcchtete Rebsorte,\u00a0 die durch Kreuzung von M\u00fcller-Thurgau und Silvaner gelungen. Die bestockte [&hellip;]<\/p>\n","protected":false},"author":2,"featured_media":0,"parent":673,"menu_order":0,"comment_status":"open","ping_status":"open","template":"","meta":{"footnotes":""},"class_list":["post-674","page","type-page","status-publish","hentry"],"aioseo_notices":[],"_links":{"self":[{"href":"https:\/\/weinhaus-machmer.de\/blog\/wp-json\/wp\/v2\/pages\/674","targetHints":{"allow":["GET"]}}],"collection":[{"href":"https:\/\/weinhaus-machmer.de\/blog\/wp-json\/wp\/v2\/pages"}],"about":[{"href":"https:\/\/weinhaus-machmer.de\/blog\/wp-json\/wp\/v2\/types\/page"}],"author":[{"embeddable":true,"href":"https:\/\/weinhaus-machmer.de\/blog\/wp-json\/wp\/v2\/users\/2"}],"replies":[{"embeddable":true,"href":"https:\/\/weinhaus-machmer.de\/blog\/wp-json\/wp\/v2\/comments?post=674"}],"version-history":[{"count":9,"href":"https:\/\/weinhaus-machmer.de\/blog\/wp-json\/wp\/v2\/pages\/674\/revisions"}],"predecessor-version":[{"id":1307,"href":"https:\/\/weinhaus-machmer.de\/blog\/wp-json\/wp\/v2\/pages\/674\/revisions\/1307"}],"up":[{"embeddable":true,"href":"https:\/\/weinhaus-machmer.de\/blog\/wp-json\/wp\/v2\/pages\/673"}],"wp:attachment":[{"href":"https:\/\/weinhaus-machmer.de\/blog\/wp-json\/wp\/v2\/media?parent=674"}],"curies":[{"name":"wp","href":"https:\/\/api.w.org\/{rel}","templated":true}]}}