{"id":677,"date":"2011-08-02T11:23:51","date_gmt":"2011-08-02T09:23:51","guid":{"rendered":"http:\/\/weinhaus-machmer.de\/blog\/?page_id=677"},"modified":"2011-08-31T15:40:20","modified_gmt":"2011-08-31T13:40:20","slug":"huxelrebe-spatlese-lieblich","status":"publish","type":"page","link":"https:\/\/weinhaus-machmer.de\/blog\/weiswein-lieblich-2\/huxelrebe-spatlese-lieblich\/","title":{"rendered":"Huxelrebe Sp\u00e4tlese lieblich"},"content":{"rendered":"<p><span style=\"font-size: medium;\"><strong>Ausgesprochen edles Aroma, ein<\/strong><\/span><\/p>\n<p><span style=\"font-size: medium;\"><strong>Spitzenwein mit Zukunft.<\/strong><\/span><\/p>\n<p><span style=\"font-size: medium;\"><strong><strong>Abstammung:<\/strong><\/strong><\/span><\/p>\n<p><span style=\"font-size: medium;\"><strong>Eine Neuz\u00fcchtung, die in Alzey von Georg Scheu, durch Kreuzung<\/strong><\/span><\/p>\n<p><span style=\"font-size: medium;\"><strong>der Wei\u00dfweinsorten Gutedel und Coutillier Musqu\u00e9 erfolgte.<\/strong><\/span><\/p>\n<p><span style=\"font-size: medium;\"><strong>Die Huxelrebe ist nahezu ausschlie\u00dflich in Deutschland beheimatet.<\/strong><\/span><\/p>\n<p><span style=\"font-size: medium;\"><strong>Ihren Namen hat die Rebe von Fritz Huxel, der sie in den 1950er Jahren<\/strong><\/span><\/p>\n<p><span style=\"font-size: medium;\"><strong>in Rheinhessen als erster anbaute.<\/strong><\/span><\/p>\n<p><span style=\"font-size: medium;\"><strong>Aromen:<\/strong><\/span><\/p>\n<p><span style=\"font-size: medium;\"><strong>Mango, Maracuja<\/strong><\/span><\/p>\n<p><span style=\"font-size: medium;\"><strong>Art.Nr.: 53<\/strong><\/span><\/p>\n","protected":false},"excerpt":{"rendered":"<p>Ausgesprochen edles Aroma, ein Spitzenwein mit Zukunft. Abstammung: Eine Neuz\u00fcchtung, die in Alzey von Georg Scheu, durch Kreuzung der Wei\u00dfweinsorten Gutedel und Coutillier Musqu\u00e9 erfolgte. Die Huxelrebe ist nahezu ausschlie\u00dflich [&hellip;]<\/p>\n","protected":false},"author":2,"featured_media":0,"parent":673,"menu_order":0,"comment_status":"open","ping_status":"open","template":"","meta":{"footnotes":""},"class_list":["post-677","page","type-page","status-publish","hentry"],"aioseo_notices":[],"_links":{"self":[{"href":"https:\/\/weinhaus-machmer.de\/blog\/wp-json\/wp\/v2\/pages\/677","targetHints":{"allow":["GET"]}}],"collection":[{"href":"https:\/\/weinhaus-machmer.de\/blog\/wp-json\/wp\/v2\/pages"}],"about":[{"href":"https:\/\/weinhaus-machmer.de\/blog\/wp-json\/wp\/v2\/types\/page"}],"author":[{"embeddable":true,"href":"https:\/\/weinhaus-machmer.de\/blog\/wp-json\/wp\/v2\/users\/2"}],"replies":[{"embeddable":true,"href":"https:\/\/weinhaus-machmer.de\/blog\/wp-json\/wp\/v2\/comments?post=677"}],"version-history":[{"count":7,"href":"https:\/\/weinhaus-machmer.de\/blog\/wp-json\/wp\/v2\/pages\/677\/revisions"}],"predecessor-version":[{"id":1436,"href":"https:\/\/weinhaus-machmer.de\/blog\/wp-json\/wp\/v2\/pages\/677\/revisions\/1436"}],"up":[{"embeddable":true,"href":"https:\/\/weinhaus-machmer.de\/blog\/wp-json\/wp\/v2\/pages\/673"}],"wp:attachment":[{"href":"https:\/\/weinhaus-machmer.de\/blog\/wp-json\/wp\/v2\/media?parent=677"}],"curies":[{"name":"wp","href":"https:\/\/api.w.org\/{rel}","templated":true}]}}