{"id":689,"date":"2011-08-02T11:31:59","date_gmt":"2011-08-02T09:31:59","guid":{"rendered":"http:\/\/weinhaus-machmer.de\/blog\/?page_id=689"},"modified":"2011-08-27T16:46:41","modified_gmt":"2011-08-27T14:46:41","slug":"gewurztraminer-spatlese-lieblich","status":"publish","type":"page","link":"https:\/\/weinhaus-machmer.de\/blog\/weiswein-lieblich-2\/gewurztraminer-spatlese-lieblich\/","title":{"rendered":"Gew\u00fcrztraminer Sp\u00e4tlese lieblich"},"content":{"rendered":"<p><span style=\"font-size: medium;\"><strong>Aromatisch, feine S\u00fc\u00dfe,<\/strong><\/span><\/p>\n<p><span style=\"font-size: medium;\"><strong>unser Glanzlicht am lieblichen Weinhimmel.<\/strong><\/span><\/p>\n<p><span style=\"font-size: medium;\"><strong>Abstammung:<\/strong><\/span><\/p>\n<p><span style=\"font-size: medium;\"><strong>ungekl\u00e4rt (wahrscheinlich S\u00fcdeuropa), in Deutschland<\/strong><\/span><\/p>\n<p><span style=\"font-size: medium;\"><strong>seit anfang des 16. Jahrhunderts angebaut<\/strong><\/span><\/p>\n<p><span style=\"font-size: medium;\"><strong>Aromen:<\/strong><\/span><\/p>\n<p><span style=\"font-size: medium;\"><strong>Rose, Litschi(Lychee), Gew\u00fcrznelken, Bitterorange<\/strong><\/span><\/p>\n<p><span style=\"font-size: medium;\"><strong>Art.Nr.: 59<\/strong><\/span><\/p>\n","protected":false},"excerpt":{"rendered":"<p>Aromatisch, feine S\u00fc\u00dfe, unser Glanzlicht am lieblichen Weinhimmel. Abstammung: ungekl\u00e4rt (wahrscheinlich S\u00fcdeuropa), in Deutschland seit anfang des 16. Jahrhunderts angebaut Aromen: Rose, Litschi(Lychee), Gew\u00fcrznelken, Bitterorange Art.Nr.: 59<\/p>\n","protected":false},"author":2,"featured_media":0,"parent":673,"menu_order":0,"comment_status":"open","ping_status":"open","template":"","meta":{"footnotes":""},"class_list":["post-689","page","type-page","status-publish","hentry"],"aioseo_notices":[],"_links":{"self":[{"href":"https:\/\/weinhaus-machmer.de\/blog\/wp-json\/wp\/v2\/pages\/689","targetHints":{"allow":["GET"]}}],"collection":[{"href":"https:\/\/weinhaus-machmer.de\/blog\/wp-json\/wp\/v2\/pages"}],"about":[{"href":"https:\/\/weinhaus-machmer.de\/blog\/wp-json\/wp\/v2\/types\/page"}],"author":[{"embeddable":true,"href":"https:\/\/weinhaus-machmer.de\/blog\/wp-json\/wp\/v2\/users\/2"}],"replies":[{"embeddable":true,"href":"https:\/\/weinhaus-machmer.de\/blog\/wp-json\/wp\/v2\/comments?post=689"}],"version-history":[{"count":8,"href":"https:\/\/weinhaus-machmer.de\/blog\/wp-json\/wp\/v2\/pages\/689\/revisions"}],"predecessor-version":[{"id":1022,"href":"https:\/\/weinhaus-machmer.de\/blog\/wp-json\/wp\/v2\/pages\/689\/revisions\/1022"}],"up":[{"embeddable":true,"href":"https:\/\/weinhaus-machmer.de\/blog\/wp-json\/wp\/v2\/pages\/673"}],"wp:attachment":[{"href":"https:\/\/weinhaus-machmer.de\/blog\/wp-json\/wp\/v2\/media?parent=689"}],"curies":[{"name":"wp","href":"https:\/\/api.w.org\/{rel}","templated":true}]}}