{"id":732,"date":"2011-08-02T15:00:14","date_gmt":"2011-08-02T13:00:14","guid":{"rendered":"http:\/\/weinhaus-machmer.de\/blog\/?page_id=732"},"modified":"2011-08-15T12:17:11","modified_gmt":"2011-08-15T10:17:11","slug":"spatburgunder-rotwein-trocken","status":"publish","type":"page","link":"https:\/\/weinhaus-machmer.de\/blog\/weine-der-spitzenklasse\/spatburgunder-rotwein-trocken\/","title":{"rendered":"Sp\u00e4tburgunder Rotwein trocken"},"content":{"rendered":"<p><span style=\"font-size: medium;\"><strong>Dieser reinsortige Sp\u00e4tburgunder zeigt die<\/strong><\/span><\/p>\n<p><span style=\"font-size: medium;\"><strong>Typizit\u00e4t dieser Rebsorte: fruchtige<\/strong><\/span><\/p>\n<p><span style=\"font-size: medium;\"><strong>Prim\u00e4raromen, kr\u00e4ftige Tannine.<\/strong><\/span><\/p>\n<p><span style=\"font-size: medium;\"><strong>Art.Nr. 26<\/strong><\/span><\/p>\n","protected":false},"excerpt":{"rendered":"<p>Dieser reinsortige Sp\u00e4tburgunder zeigt die Typizit\u00e4t dieser Rebsorte: fruchtige Prim\u00e4raromen, kr\u00e4ftige Tannine. Art.Nr. 26<\/p>\n","protected":false},"author":2,"featured_media":0,"parent":716,"menu_order":0,"comment_status":"open","ping_status":"open","template":"","meta":{"footnotes":""},"class_list":["post-732","page","type-page","status-publish","hentry"],"aioseo_notices":[],"_links":{"self":[{"href":"https:\/\/weinhaus-machmer.de\/blog\/wp-json\/wp\/v2\/pages\/732","targetHints":{"allow":["GET"]}}],"collection":[{"href":"https:\/\/weinhaus-machmer.de\/blog\/wp-json\/wp\/v2\/pages"}],"about":[{"href":"https:\/\/weinhaus-machmer.de\/blog\/wp-json\/wp\/v2\/types\/page"}],"author":[{"embeddable":true,"href":"https:\/\/weinhaus-machmer.de\/blog\/wp-json\/wp\/v2\/users\/2"}],"replies":[{"embeddable":true,"href":"https:\/\/weinhaus-machmer.de\/blog\/wp-json\/wp\/v2\/comments?post=732"}],"version-history":[{"count":2,"href":"https:\/\/weinhaus-machmer.de\/blog\/wp-json\/wp\/v2\/pages\/732\/revisions"}],"predecessor-version":[{"id":1418,"href":"https:\/\/weinhaus-machmer.de\/blog\/wp-json\/wp\/v2\/pages\/732\/revisions\/1418"}],"up":[{"embeddable":true,"href":"https:\/\/weinhaus-machmer.de\/blog\/wp-json\/wp\/v2\/pages\/716"}],"wp:attachment":[{"href":"https:\/\/weinhaus-machmer.de\/blog\/wp-json\/wp\/v2\/media?parent=732"}],"curies":[{"name":"wp","href":"https:\/\/api.w.org\/{rel}","templated":true}]}}