{"id":788,"date":"2011-08-02T16:42:51","date_gmt":"2011-08-02T14:42:51","guid":{"rendered":"http:\/\/weinhaus-machmer.de\/blog\/?page_id=788"},"modified":"2011-09-22T15:23:13","modified_gmt":"2011-09-22T13:23:13","slug":"ortega-sus","status":"publish","type":"page","link":"https:\/\/weinhaus-machmer.de\/blog\/weine-der-spitzenklasse\/ortega-sus\/","title":{"rendered":"Ortega s\u00fc\u00df"},"content":{"rendered":"<p><span style=\"font-size: medium;\"><strong>Es ist schon ein besonderes Gef\u00fchl,<\/strong><\/span><\/p>\n<p><span style=\"font-size: medium;\"><strong>solch einen \u201eetwas anderen Wein\u201c<\/strong><\/span><\/p>\n<p><span style=\"font-size: medium;\"><strong>zu genie\u00dfen \u2013 wie?<\/strong><\/span><\/p>\n<p><span style=\"font-size: medium;\"><strong>Na eben etwas anders.<\/strong><\/span><\/p>\n<p><span style=\"font-size: medium;\"><strong>Abstammung:<\/strong><\/span><\/p>\n<p><span style=\"font-size: medium;\"><strong> von Dr. Hans Breider wurde die Rebsorte 1948 durch die Kreuzung<\/strong><\/span><\/p>\n<p><span style=\"font-size: medium;\"><strong> von M\u00fcller-Thurgau und Siegerrebe in Bayern gez\u00fcchtet.<\/strong><\/span><\/p>\n<p><span style=\"font-size: medium;\"><strong> Gewidmet wurde die Sorte dem Philosophen Jos\u00e9 Ortega y Gasset. <\/strong><\/span><\/p>\n<p><span style=\"font-size: medium;\"><strong>Die fr\u00fchreifender Rebsorte erreicht hohe \u00d6chslegrade.<br \/>\n<\/strong><\/span><\/p>\n<p><span style=\"font-size: medium;\"><strong>Aromen:<\/strong><\/span><\/p>\n<p><span style=\"font-size: medium;\"><strong> s\u00fcdl\u00e4ndicher Fruchtgeschmack, gut eingebundene Rests\u00fc\u00dfe.<br \/>\n<\/strong><\/span><\/p>\n<p><span style=\"font-size: medium;\"><strong>Art.Nr.: 65<\/strong><\/span><\/p>\n","protected":false},"excerpt":{"rendered":"<p>Es ist schon ein besonderes Gef\u00fchl, solch einen \u201eetwas anderen Wein\u201c zu genie\u00dfen \u2013 wie? Na eben etwas anders. Abstammung: von Dr. Hans Breider wurde die Rebsorte 1948 durch die [&hellip;]<\/p>\n","protected":false},"author":2,"featured_media":0,"parent":716,"menu_order":0,"comment_status":"open","ping_status":"open","template":"","meta":{"footnotes":""},"class_list":["post-788","page","type-page","status-publish","hentry"],"aioseo_notices":[],"_links":{"self":[{"href":"https:\/\/weinhaus-machmer.de\/blog\/wp-json\/wp\/v2\/pages\/788","targetHints":{"allow":["GET"]}}],"collection":[{"href":"https:\/\/weinhaus-machmer.de\/blog\/wp-json\/wp\/v2\/pages"}],"about":[{"href":"https:\/\/weinhaus-machmer.de\/blog\/wp-json\/wp\/v2\/types\/page"}],"author":[{"embeddable":true,"href":"https:\/\/weinhaus-machmer.de\/blog\/wp-json\/wp\/v2\/users\/2"}],"replies":[{"embeddable":true,"href":"https:\/\/weinhaus-machmer.de\/blog\/wp-json\/wp\/v2\/comments?post=788"}],"version-history":[{"count":7,"href":"https:\/\/weinhaus-machmer.de\/blog\/wp-json\/wp\/v2\/pages\/788\/revisions"}],"predecessor-version":[{"id":2067,"href":"https:\/\/weinhaus-machmer.de\/blog\/wp-json\/wp\/v2\/pages\/788\/revisions\/2067"}],"up":[{"embeddable":true,"href":"https:\/\/weinhaus-machmer.de\/blog\/wp-json\/wp\/v2\/pages\/716"}],"wp:attachment":[{"href":"https:\/\/weinhaus-machmer.de\/blog\/wp-json\/wp\/v2\/media?parent=788"}],"curies":[{"name":"wp","href":"https:\/\/api.w.org\/{rel}","templated":true}]}}