{"id":798,"date":"2011-08-02T17:00:37","date_gmt":"2011-08-02T15:00:37","guid":{"rendered":"http:\/\/weinhaus-machmer.de\/blog\/?page_id=798"},"modified":"2011-09-26T09:41:13","modified_gmt":"2011-09-26T07:41:13","slug":"ra-finesse-cuvee-spatlese-feinherb","status":"publish","type":"page","link":"https:\/\/weinhaus-machmer.de\/blog\/weine-der-spitzenklasse\/ra-finesse-cuvee-spatlese-feinherb\/","title":{"rendered":"Ra Finesse Cuv\u00e9e Sp\u00e4tlese feinherb"},"content":{"rendered":"<p><span style=\"font-size: medium;\"><strong>Eine raffinierte Komposition von drei fr\u00fchreifenden, exotischen,<\/strong><\/span><\/p>\n<p><span style=\"font-size: medium;\"><strong> intensiv fruchtigen Rebsorten. Feine Mango und Muskataromen<\/strong><\/span><\/p>\n<p><span style=\"font-size: medium;\"><strong> und eine milde S\u00e4ure zeichnen diesen frischen feinherben Wein aus.<\/strong><\/span><\/p>\n<p><span style=\"font-size: medium;\"><strong>Wer sich das entgehen l\u00e4sst, hat eindeutig etwas verpasst.<\/strong><\/span><\/p>\n<p><span style=\"font-size: medium;\"><strong>Art.Nr.: 46<br \/>\n<\/strong><\/span><\/p>\n","protected":false},"excerpt":{"rendered":"<p>Eine raffinierte Komposition von drei fr\u00fchreifenden, exotischen, intensiv fruchtigen Rebsorten. Feine Mango und Muskataromen und eine milde S\u00e4ure zeichnen diesen frischen feinherben Wein aus. Wer sich das entgehen l\u00e4sst, hat [&hellip;]<\/p>\n","protected":false},"author":2,"featured_media":0,"parent":716,"menu_order":0,"comment_status":"open","ping_status":"open","template":"","meta":{"footnotes":""},"class_list":["post-798","page","type-page","status-publish","hentry"],"aioseo_notices":[],"_links":{"self":[{"href":"https:\/\/weinhaus-machmer.de\/blog\/wp-json\/wp\/v2\/pages\/798","targetHints":{"allow":["GET"]}}],"collection":[{"href":"https:\/\/weinhaus-machmer.de\/blog\/wp-json\/wp\/v2\/pages"}],"about":[{"href":"https:\/\/weinhaus-machmer.de\/blog\/wp-json\/wp\/v2\/types\/page"}],"author":[{"embeddable":true,"href":"https:\/\/weinhaus-machmer.de\/blog\/wp-json\/wp\/v2\/users\/2"}],"replies":[{"embeddable":true,"href":"https:\/\/weinhaus-machmer.de\/blog\/wp-json\/wp\/v2\/comments?post=798"}],"version-history":[{"count":7,"href":"https:\/\/weinhaus-machmer.de\/blog\/wp-json\/wp\/v2\/pages\/798\/revisions"}],"predecessor-version":[{"id":2108,"href":"https:\/\/weinhaus-machmer.de\/blog\/wp-json\/wp\/v2\/pages\/798\/revisions\/2108"}],"up":[{"embeddable":true,"href":"https:\/\/weinhaus-machmer.de\/blog\/wp-json\/wp\/v2\/pages\/716"}],"wp:attachment":[{"href":"https:\/\/weinhaus-machmer.de\/blog\/wp-json\/wp\/v2\/media?parent=798"}],"curies":[{"name":"wp","href":"https:\/\/api.w.org\/{rel}","templated":true}]}}