{"id":810,"date":"2011-08-02T17:23:36","date_gmt":"2011-08-02T15:23:36","guid":{"rendered":"http:\/\/weinhaus-machmer.de\/blog\/?page_id=810"},"modified":"2011-08-15T00:45:59","modified_gmt":"2011-08-14T22:45:59","slug":"riesling-auslese-trocken","status":"publish","type":"page","link":"https:\/\/weinhaus-machmer.de\/blog\/weine-der-spitzenklasse\/riesling-auslese-trocken\/","title":{"rendered":"Riesling Auslese trocken"},"content":{"rendered":"<p><span style=\"font-size: medium;\"><strong>Wundersch\u00f6ne Frucht, sowie seine rassige,<\/strong><\/span><\/p>\n<p><span style=\"font-size: medium;\"><strong>nicht zu spitze S\u00e4ure machen diesen<\/strong><\/span><\/p>\n<p><span style=\"font-size: medium;\"><strong>Edel-Riesling zu einem gekonnten Gew\u00e4chs<\/strong><\/span><\/p>\n<p><span style=\"font-size: medium;\"><strong>mit Weltklasse-Charakter.<\/strong><\/span><\/p>\n<p><span style=\"font-size: medium;\"><strong>Art.Nr.: 81<\/strong><\/span><\/p>\n","protected":false},"excerpt":{"rendered":"<p>Wundersch\u00f6ne Frucht, sowie seine rassige, nicht zu spitze S\u00e4ure machen diesen Edel-Riesling zu einem gekonnten Gew\u00e4chs mit Weltklasse-Charakter. Art.Nr.: 81<\/p>\n","protected":false},"author":2,"featured_media":0,"parent":716,"menu_order":0,"comment_status":"open","ping_status":"open","template":"","meta":{"footnotes":""},"class_list":["post-810","page","type-page","status-publish","hentry"],"aioseo_notices":[],"_links":{"self":[{"href":"https:\/\/weinhaus-machmer.de\/blog\/wp-json\/wp\/v2\/pages\/810","targetHints":{"allow":["GET"]}}],"collection":[{"href":"https:\/\/weinhaus-machmer.de\/blog\/wp-json\/wp\/v2\/pages"}],"about":[{"href":"https:\/\/weinhaus-machmer.de\/blog\/wp-json\/wp\/v2\/types\/page"}],"author":[{"embeddable":true,"href":"https:\/\/weinhaus-machmer.de\/blog\/wp-json\/wp\/v2\/users\/2"}],"replies":[{"embeddable":true,"href":"https:\/\/weinhaus-machmer.de\/blog\/wp-json\/wp\/v2\/comments?post=810"}],"version-history":[{"count":3,"href":"https:\/\/weinhaus-machmer.de\/blog\/wp-json\/wp\/v2\/pages\/810\/revisions"}],"predecessor-version":[{"id":1397,"href":"https:\/\/weinhaus-machmer.de\/blog\/wp-json\/wp\/v2\/pages\/810\/revisions\/1397"}],"up":[{"embeddable":true,"href":"https:\/\/weinhaus-machmer.de\/blog\/wp-json\/wp\/v2\/pages\/716"}],"wp:attachment":[{"href":"https:\/\/weinhaus-machmer.de\/blog\/wp-json\/wp\/v2\/media?parent=810"}],"curies":[{"name":"wp","href":"https:\/\/api.w.org\/{rel}","templated":true}]}}