{"id":876,"date":"2011-08-03T10:00:14","date_gmt":"2011-08-03T08:00:14","guid":{"rendered":"http:\/\/weinhaus-machmer.de\/blog\/?page_id=876"},"modified":"2011-09-05T15:16:45","modified_gmt":"2011-09-05T13:16:45","slug":"hefebranntwein-exclusiv","status":"publish","type":"page","link":"https:\/\/weinhaus-machmer.de\/blog\/spirituosen-2\/hefebranntwein-exclusiv\/","title":{"rendered":"Hefebranntwein exclusiv"},"content":{"rendered":"<p><span style=\"font-size: medium;\"><strong>Ein deftiger, kr\u00e4ftiger Hefebranntwein mit<\/strong><\/span><\/p>\n<p><span style=\"font-size: medium;\"><strong>42% vol. Gourmet-Freunde sch\u00e4tzen<\/strong><\/span><\/p>\n<p><span style=\"font-size: medium;\"><strong> und genie\u00dfen ihn als &gt;Verdauungsregler&lt;.<\/strong><\/span><\/p>\n<p><span style=\"font-size: medium;\"><strong>Art.Nr.: 401<\/strong><\/span><\/p>\n<p><a href=\"http:\/\/weinhaus-machmer.de\/blog\/wp-content\/uploads\/2011\/08\/Hefebranntwein-exclusiv.jpg\"><img loading=\"lazy\" decoding=\"async\" class=\"alignleft size-full wp-image-1738\" title=\"Hefebranntwein exclusiv\" src=\"http:\/\/weinhaus-machmer.de\/blog\/wp-content\/uploads\/2011\/08\/Hefebranntwein-exclusiv.jpg\" alt=\"\" width=\"259\" height=\"387\" \/><\/a><\/p>\n","protected":false},"excerpt":{"rendered":"<p>Ein deftiger, kr\u00e4ftiger Hefebranntwein mit 42% vol. Gourmet-Freunde sch\u00e4tzen und genie\u00dfen ihn als &gt;Verdauungsregler&lt;. Art.Nr.: 401<\/p>\n","protected":false},"author":2,"featured_media":0,"parent":871,"menu_order":0,"comment_status":"open","ping_status":"open","template":"","meta":{"footnotes":""},"class_list":["post-876","page","type-page","status-publish","hentry"],"aioseo_notices":[],"_links":{"self":[{"href":"https:\/\/weinhaus-machmer.de\/blog\/wp-json\/wp\/v2\/pages\/876","targetHints":{"allow":["GET"]}}],"collection":[{"href":"https:\/\/weinhaus-machmer.de\/blog\/wp-json\/wp\/v2\/pages"}],"about":[{"href":"https:\/\/weinhaus-machmer.de\/blog\/wp-json\/wp\/v2\/types\/page"}],"author":[{"embeddable":true,"href":"https:\/\/weinhaus-machmer.de\/blog\/wp-json\/wp\/v2\/users\/2"}],"replies":[{"embeddable":true,"href":"https:\/\/weinhaus-machmer.de\/blog\/wp-json\/wp\/v2\/comments?post=876"}],"version-history":[{"count":7,"href":"https:\/\/weinhaus-machmer.de\/blog\/wp-json\/wp\/v2\/pages\/876\/revisions"}],"predecessor-version":[{"id":1740,"href":"https:\/\/weinhaus-machmer.de\/blog\/wp-json\/wp\/v2\/pages\/876\/revisions\/1740"}],"up":[{"embeddable":true,"href":"https:\/\/weinhaus-machmer.de\/blog\/wp-json\/wp\/v2\/pages\/871"}],"wp:attachment":[{"href":"https:\/\/weinhaus-machmer.de\/blog\/wp-json\/wp\/v2\/media?parent=876"}],"curies":[{"name":"wp","href":"https:\/\/api.w.org\/{rel}","templated":true}]}}