{"id":880,"date":"2011-08-03T10:01:54","date_gmt":"2011-08-03T08:01:54","guid":{"rendered":"http:\/\/weinhaus-machmer.de\/blog\/?page_id=880"},"modified":"2011-09-05T15:26:09","modified_gmt":"2011-09-05T13:26:09","slug":"feiner-weintraubenlikor","status":"publish","type":"page","link":"https:\/\/weinhaus-machmer.de\/blog\/spirituosen-2\/feiner-weintraubenlikor\/","title":{"rendered":"Feiner Weintraubenlik\u00f6r"},"content":{"rendered":"<p><span style=\"font-size: medium;\"><strong>Eine K\u00f6stlichkeit in wei\u00df, mit ganzen<\/strong><\/span><\/p>\n<p><span style=\"font-size: medium;\"><strong>Weintrauben \u2013 25% vol., nach altem<\/strong><\/span><\/p>\n<p><span style=\"font-size: medium;\"><strong>Geheimrezept komponiert: eine Freiheit f\u00fcr<\/strong><\/span><\/p>\n<p><span style=\"font-size: medium;\"><strong>s\u00fc\u00dfe Zungen.<\/strong><\/span><\/p>\n<p><span style=\"font-size: medium;\"><strong>Art.Nr.: 402<\/strong><\/span><\/p>\n<p><a href=\"http:\/\/weinhaus-machmer.de\/blog\/wp-content\/uploads\/2011\/08\/Feiner-Weintraubenlik%C3%B6r.jpg\"><img loading=\"lazy\" decoding=\"async\" class=\"alignleft size-full wp-image-1741\" title=\"Feiner Weintraubenlik\u00f6r\" src=\"http:\/\/weinhaus-machmer.de\/blog\/wp-content\/uploads\/2011\/08\/Feiner-Weintraubenlik%C3%B6r.jpg\" alt=\"\" width=\"259\" height=\"387\" \/><\/a><\/p>\n","protected":false},"excerpt":{"rendered":"<p>Eine K\u00f6stlichkeit in wei\u00df, mit ganzen Weintrauben \u2013 25% vol., nach altem Geheimrezept komponiert: eine Freiheit f\u00fcr s\u00fc\u00dfe Zungen. Art.Nr.: 402<\/p>\n","protected":false},"author":2,"featured_media":0,"parent":871,"menu_order":0,"comment_status":"open","ping_status":"open","template":"","meta":{"footnotes":""},"class_list":["post-880","page","type-page","status-publish","hentry"],"aioseo_notices":[],"_links":{"self":[{"href":"https:\/\/weinhaus-machmer.de\/blog\/wp-json\/wp\/v2\/pages\/880","targetHints":{"allow":["GET"]}}],"collection":[{"href":"https:\/\/weinhaus-machmer.de\/blog\/wp-json\/wp\/v2\/pages"}],"about":[{"href":"https:\/\/weinhaus-machmer.de\/blog\/wp-json\/wp\/v2\/types\/page"}],"author":[{"embeddable":true,"href":"https:\/\/weinhaus-machmer.de\/blog\/wp-json\/wp\/v2\/users\/2"}],"replies":[{"embeddable":true,"href":"https:\/\/weinhaus-machmer.de\/blog\/wp-json\/wp\/v2\/comments?post=880"}],"version-history":[{"count":7,"href":"https:\/\/weinhaus-machmer.de\/blog\/wp-json\/wp\/v2\/pages\/880\/revisions"}],"predecessor-version":[{"id":1591,"href":"https:\/\/weinhaus-machmer.de\/blog\/wp-json\/wp\/v2\/pages\/880\/revisions\/1591"}],"up":[{"embeddable":true,"href":"https:\/\/weinhaus-machmer.de\/blog\/wp-json\/wp\/v2\/pages\/871"}],"wp:attachment":[{"href":"https:\/\/weinhaus-machmer.de\/blog\/wp-json\/wp\/v2\/media?parent=880"}],"curies":[{"name":"wp","href":"https:\/\/api.w.org\/{rel}","templated":true}]}}