{"id":891,"date":"2011-08-03T10:10:04","date_gmt":"2011-08-03T08:10:04","guid":{"rendered":"http:\/\/weinhaus-machmer.de\/blog\/?page_id=891"},"modified":"2011-09-05T15:35:03","modified_gmt":"2011-09-05T13:35:03","slug":"feines-meister-cuvee-barrique","status":"publish","type":"page","link":"https:\/\/weinhaus-machmer.de\/blog\/spirituosen-2\/feines-meister-cuvee-barrique\/","title":{"rendered":"Feines Meister-Cuv\u00e9e-Barrique"},"content":{"rendered":"<p><span style=\"font-size: medium;\"><strong>Markus Machmer`s Wein-Aperitif mit ungew\u00f6hnlich starkem<\/strong><\/span><\/p>\n<p><span style=\"font-size: medium;\"><strong> Geschmacksausdruck, Finesse mit starkem Auftreten.<\/strong><\/span><\/p>\n<p><span style=\"font-size: medium;\"><strong> 3 J\u00e4hrige Eichenfasslagerung, 4 J. Reifeprozess im neuen<\/strong><\/span><\/p>\n<p><span style=\"font-size: medium;\"><strong>Barrique-Fass. M\u00f6chten Sie sich und Ihren<\/strong><\/span><\/p>\n<p><span style=\"font-size: medium;\"><strong>G\u00e4sten einmal etwas Besonders bieten?<\/strong><\/span><\/p>\n<p><span style=\"font-size: medium;\"><strong>Exclusiv, markant, anders &#8211; greifen Sie zu!<\/strong><\/span><\/p>\n<p><span style=\"font-size: medium;\"><strong>Art.Nr.: 405<\/strong><\/span><\/p>\n<p><a href=\"http:\/\/weinhaus-machmer.de\/blog\/wp-content\/uploads\/2011\/08\/Feines-Barrique-Meister-Cuvee.jpg\"><img loading=\"lazy\" decoding=\"async\" class=\"alignleft size-full wp-image-1746\" title=\"Feines Barrique Meister Cuvee\" src=\"http:\/\/weinhaus-machmer.de\/blog\/wp-content\/uploads\/2011\/08\/Feines-Barrique-Meister-Cuvee.jpg\" alt=\"\" width=\"259\" height=\"387\" \/><\/a><\/p>\n","protected":false},"excerpt":{"rendered":"<p>Markus Machmer`s Wein-Aperitif mit ungew\u00f6hnlich starkem Geschmacksausdruck, Finesse mit starkem Auftreten. 3 J\u00e4hrige Eichenfasslagerung, 4 J. Reifeprozess im neuen Barrique-Fass. M\u00f6chten Sie sich und Ihren G\u00e4sten einmal etwas Besonders bieten? [&hellip;]<\/p>\n","protected":false},"author":2,"featured_media":0,"parent":871,"menu_order":0,"comment_status":"open","ping_status":"open","template":"","meta":{"footnotes":""},"class_list":["post-891","page","type-page","status-publish","hentry"],"aioseo_notices":[],"_links":{"self":[{"href":"https:\/\/weinhaus-machmer.de\/blog\/wp-json\/wp\/v2\/pages\/891","targetHints":{"allow":["GET"]}}],"collection":[{"href":"https:\/\/weinhaus-machmer.de\/blog\/wp-json\/wp\/v2\/pages"}],"about":[{"href":"https:\/\/weinhaus-machmer.de\/blog\/wp-json\/wp\/v2\/types\/page"}],"author":[{"embeddable":true,"href":"https:\/\/weinhaus-machmer.de\/blog\/wp-json\/wp\/v2\/users\/2"}],"replies":[{"embeddable":true,"href":"https:\/\/weinhaus-machmer.de\/blog\/wp-json\/wp\/v2\/comments?post=891"}],"version-history":[{"count":7,"href":"https:\/\/weinhaus-machmer.de\/blog\/wp-json\/wp\/v2\/pages\/891\/revisions"}],"predecessor-version":[{"id":1362,"href":"https:\/\/weinhaus-machmer.de\/blog\/wp-json\/wp\/v2\/pages\/891\/revisions\/1362"}],"up":[{"embeddable":true,"href":"https:\/\/weinhaus-machmer.de\/blog\/wp-json\/wp\/v2\/pages\/871"}],"wp:attachment":[{"href":"https:\/\/weinhaus-machmer.de\/blog\/wp-json\/wp\/v2\/media?parent=891"}],"curies":[{"name":"wp","href":"https:\/\/api.w.org\/{rel}","templated":true}]}}